{"id":102,"date":"2016-08-03T12:52:55","date_gmt":"2016-08-03T12:52:55","guid":{"rendered":"https:\/\/themify.me\/demo\/themes\/ultra-agency\/?page_id=15"},"modified":"2026-01-21T12:55:16","modified_gmt":"2026-01-21T12:55:16","slug":"contact","status":"publish","type":"page","link":"http:\/\/puraenergia.es\/?page_id=102","title":{"rendered":"Contact"},"content":{"rendered":"<p><!--themify_builder_static--><\/p>\n<h2><\/h2>\n<p>IMPORTANTE: Solo trabajamos grandes cuentas en la Comunidad Valenciana, (NO PARTICULARES) \u00daltimamente contactan err\u00f3neamente con cambios de titular, bono social, etc. No confundir con CURE ENERG\u00cdA (Comercializadora \u00daltimo Recurso Iberdrola). https:\/\/www.curenergia.es\/<\/p>\n<p><!--\/themify_builder_static--><\/p>\n","protected":false},"excerpt":{"rendered":"<p>IMPORTANTE: Solo trabajamos grandes cuentas en la Comunidad Valenciana, (NO PARTICULARES) \u00daltimamente contactan err\u00f3neamente con cambios de titular, bono social, etc. No confundir con CURE ENERG\u00cdA (Comercializadora \u00daltimo Recurso Iberdrola). https:\/\/www.curenergia.es\/<\/p>\n","protected":false},"author":1,"featured_media":0,"parent":0,"menu_order":0,"comment_status":"closed","ping_status":"closed","template":"","meta":{"footnotes":""},"class_list":["post-102","page","type-page","status-publish","hentry"],"_links":{"self":[{"href":"http:\/\/puraenergia.es\/index.php?rest_route=\/wp\/v2\/pages\/102","targetHints":{"allow":["GET"]}}],"collection":[{"href":"http:\/\/puraenergia.es\/index.php?rest_route=\/wp\/v2\/pages"}],"about":[{"href":"http:\/\/puraenergia.es\/index.php?rest_route=\/wp\/v2\/types\/page"}],"author":[{"embeddable":true,"href":"http:\/\/puraenergia.es\/index.php?rest_route=\/wp\/v2\/users\/1"}],"replies":[{"embeddable":true,"href":"http:\/\/puraenergia.es\/index.php?rest_route=%2Fwp%2Fv2%2Fcomments&post=102"}],"version-history":[{"count":79,"href":"http:\/\/puraenergia.es\/index.php?rest_route=\/wp\/v2\/pages\/102\/revisions"}],"predecessor-version":[{"id":515,"href":"http:\/\/puraenergia.es\/index.php?rest_route=\/wp\/v2\/pages\/102\/revisions\/515"}],"wp:attachment":[{"href":"http:\/\/puraenergia.es\/index.php?rest_route=%2Fwp%2Fv2%2Fmedia&parent=102"}],"curies":[{"name":"wp","href":"https:\/\/api.w.org\/{rel}","templated":true}]}}